{"id":28,"date":"2020-01-09T13:22:51","date_gmt":"2020-01-09T13:22:51","guid":{"rendered":"http:\/\/www.rmo-rakennus.fi\/?page_id=28"},"modified":"2020-12-10T14:25:51","modified_gmt":"2020-12-10T14:25:51","slug":"28-2","status":"publish","type":"page","link":"https:\/\/www.rmo-rakennus.fi\/","title":{"rendered":"RMO"},"content":{"rendered":"\n<h2 class=\"wp-block-heading\">RMO Rakennus <\/h2>\n\n\n\n<p>2020 perustettu saneeraamiseen erikoistunut rakennusliike joka toimii ja tarjoaa palveluita kaikenkokoisiin saneeraus-, rakennus-, purku- ja remonttikohteisiin. Olemme kotoisin Tuusulan Kellokoskelta ja palvelemme kattavasti Keski-Uudenmaan ja P\u00e4\u00e4kaupunkiseudun alueella. Kaikki tekij\u00e4mme ovat paikallisia ja kokeneita ammattilaisia.<\/p>\n\n\n\n<p>Kattavalla kokemuksella henkil\u00f6st\u00f6mme ja alihankintaverkostomme pystyy tarjoamaan palvelua ja osaamista ty\u00f6st\u00e4 riippumatta. Yhti\u00f6mme tarjoaa sertifioidut vedeneristykset ja kosteuskartoitukset.<\/p>\n\n\n\n<p><\/p>\n","protected":false},"excerpt":{"rendered":"<p>RMO Rakennus 2020 perustettu saneeraamiseen erikoistunut rakennusliike joka toimii ja tarjoaa palveluita kaikenkokoisiin saneeraus-, rakennus-, purku- ja remonttikohteisiin. Olemme kotoisin Tuusulan Kellokoskelta ja palvelemme kattavasti Keski-Uudenmaan ja P\u00e4\u00e4kaupunkiseudun alueella. Kaikki tekij\u00e4mme ovat paikallisia ja kokeneita ammattilaisia. Kattavalla kokemuksella henkil\u00f6st\u00f6mme ja alihankintaverkostomme pystyy tarjoamaan palvelua ja osaamista ty\u00f6st\u00e4 riippumatta. Yhti\u00f6mme tarjoaa&#8230;<\/p>\n","protected":false},"author":1,"featured_media":94,"parent":0,"menu_order":0,"comment_status":"closed","ping_status":"closed","template":"","meta":{"footnotes":""},"_links":{"self":[{"href":"https:\/\/www.rmo-rakennus.fi\/index.php?rest_route=\/wp\/v2\/pages\/28"}],"collection":[{"href":"https:\/\/www.rmo-rakennus.fi\/index.php?rest_route=\/wp\/v2\/pages"}],"about":[{"href":"https:\/\/www.rmo-rakennus.fi\/index.php?rest_route=\/wp\/v2\/types\/page"}],"author":[{"embeddable":true,"href":"https:\/\/www.rmo-rakennus.fi\/index.php?rest_route=\/wp\/v2\/users\/1"}],"replies":[{"embeddable":true,"href":"https:\/\/www.rmo-rakennus.fi\/index.php?rest_route=%2Fwp%2Fv2%2Fcomments&post=28"}],"version-history":[{"count":11,"href":"https:\/\/www.rmo-rakennus.fi\/index.php?rest_route=\/wp\/v2\/pages\/28\/revisions"}],"predecessor-version":[{"id":90,"href":"https:\/\/www.rmo-rakennus.fi\/index.php?rest_route=\/wp\/v2\/pages\/28\/revisions\/90"}],"wp:featuredmedia":[{"embeddable":true,"href":"https:\/\/www.rmo-rakennus.fi\/index.php?rest_route=\/wp\/v2\/media\/94"}],"wp:attachment":[{"href":"https:\/\/www.rmo-rakennus.fi\/index.php?rest_route=%2Fwp%2Fv2%2Fmedia&parent=28"}],"curies":[{"name":"wp","href":"https:\/\/api.w.org\/{rel}","templated":true}]}}